{"id":118,"date":"2017-02-28T22:07:11","date_gmt":"2017-02-28T21:07:11","guid":{"rendered":"http:\/\/ipmm.polsl.pl\/?page_id=118"},"modified":"2019-02-21T19:56:37","modified_gmt":"2019-02-21T18:56:37","slug":"kontakt","status":"publish","type":"page","link":"https:\/\/ipmm.polsl.pl\/?page_id=118","title":{"rendered":"Kontakt"},"content":{"rendered":"<p style=\"text-align: justify;\"><img loading=\"lazy\" decoding=\"async\" class=\"alignright wp-image-631 \" src=\"http:\/\/ipmm.polsl.pl\/wp-content\/uploads\/2019\/02\/mapka_przez-753x1024.png\" alt=\"\" width=\"308\" height=\"419\" srcset=\"https:\/\/ipmm.polsl.pl\/wp-content\/uploads\/2019\/02\/mapka_przez-753x1024.png 753w, https:\/\/ipmm.polsl.pl\/wp-content\/uploads\/2019\/02\/mapka_przez-221x300.png 221w, https:\/\/ipmm.polsl.pl\/wp-content\/uploads\/2019\/02\/mapka_przez-768x1044.png 768w, https:\/\/ipmm.polsl.pl\/wp-content\/uploads\/2019\/02\/mapka_przez.png 1217w\" sizes=\"(max-width: 308px) 100vw, 308px\" \/><\/p>\n<p style=\"text-align: justify;\"><strong>Biuro realizacji Projektu<\/strong><\/p>\n<p style=\"text-align: justify;\">Transgraniczna Wymiana Do\u015bwiadcze\u0144 w In\u017cynierii Produkcji z Wykorzystaniem Metod Matematycznych<br \/>\nCentrum Kszta\u0142cenia In\u017cynier\u00f3w (mapka &#8211; budynek 1)<br \/>\nPolitechnika \u015al\u0105ska<br \/>\nul. Ko\u015bciuszki 54, pok\u00f3j 323<br \/>\n44-200 Rybnik<br \/>\ne-mail: <a href=\"mailto:ipmm@polsl.pl\">ipmm@polsl.pl<\/a><\/p>\n<p style=\"text-align: justify;\"><strong>Kierownik Projektu<\/strong><\/p>\n<p style=\"text-align: justify;\">Dr hab. in\u017c. Mariusz Ligarski<br \/>\ntelefon: +48 32 277 73 48<br \/>\ne-mail: <a href=\"mailto:Mariusz.Ligarski@polsl.pl\">Mariusz.Ligarski@polsl.pl<\/a><\/p>\n","protected":false},"excerpt":{"rendered":"<p>Biuro realizacji Projektu Transgraniczna Wymiana Do\u015bwiadcze\u0144 w In\u017cynierii Produkcji z Wykorzystaniem Metod Matematycznych Centrum Kszta\u0142cenia In\u017cynier\u00f3w (mapka &#8211; budynek 1) Politechnika \u015al\u0105ska ul. Ko\u015bciuszki 54, pok\u00f3j 323 44-200 Rybnik e-mail: ipmm@polsl.pl Kierownik Projektu Dr hab. in\u017c. Mariusz Ligarski telefon: +48 32 277 73 48 e-mail: Mariusz.Ligarski@polsl.pl<\/p>\n","protected":false},"author":1,"featured_media":0,"parent":0,"menu_order":0,"comment_status":"closed","ping_status":"closed","template":"","meta":{"footnotes":""},"_links":{"self":[{"href":"https:\/\/ipmm.polsl.pl\/index.php?rest_route=\/wp\/v2\/pages\/118"}],"collection":[{"href":"https:\/\/ipmm.polsl.pl\/index.php?rest_route=\/wp\/v2\/pages"}],"about":[{"href":"https:\/\/ipmm.polsl.pl\/index.php?rest_route=\/wp\/v2\/types\/page"}],"author":[{"embeddable":true,"href":"https:\/\/ipmm.polsl.pl\/index.php?rest_route=\/wp\/v2\/users\/1"}],"replies":[{"embeddable":true,"href":"https:\/\/ipmm.polsl.pl\/index.php?rest_route=%2Fwp%2Fv2%2Fcomments&post=118"}],"version-history":[{"count":16,"href":"https:\/\/ipmm.polsl.pl\/index.php?rest_route=\/wp\/v2\/pages\/118\/revisions"}],"predecessor-version":[{"id":942,"href":"https:\/\/ipmm.polsl.pl\/index.php?rest_route=\/wp\/v2\/pages\/118\/revisions\/942"}],"wp:attachment":[{"href":"https:\/\/ipmm.polsl.pl\/index.php?rest_route=%2Fwp%2Fv2%2Fmedia&parent=118"}],"curies":[{"name":"wp","href":"https:\/\/api.w.org\/{rel}","templated":true}]}}