{"id":139,"date":"2017-02-28T22:36:49","date_gmt":"2017-02-28T21:36:49","guid":{"rendered":"http:\/\/ipmm.polsl.pl\/?page_id=139"},"modified":"2019-02-21T14:43:29","modified_gmt":"2019-02-21T13:43:29","slug":"galeria","status":"publish","type":"page","link":"https:\/\/ipmm.polsl.pl\/?page_id=139","title":{"rendered":"Galeria"},"content":{"rendered":"<p style=\"text-align: justify;\">Galerie fotograficzne zwi\u0105zane z realizacj\u0105 Projektu i z konferencj\u0105 polsk\u0105 oraz czesk\u0105 publikowane b\u0119d\u0105 w okresie realizacji Projektu, tj. od 01.04.2017 do 31.03.2018.<\/p>\n","protected":false},"excerpt":{"rendered":"<p>Galerie fotograficzne zwi\u0105zane z realizacj\u0105 Projektu i z konferencj\u0105 polsk\u0105 oraz czesk\u0105 publikowane b\u0119d\u0105 w okresie realizacji Projektu, tj. od 01.04.2017 do 31.03.2018.<\/p>\n","protected":false},"author":1,"featured_media":0,"parent":0,"menu_order":0,"comment_status":"closed","ping_status":"closed","template":"","meta":{"footnotes":""},"_links":{"self":[{"href":"https:\/\/ipmm.polsl.pl\/index.php?rest_route=\/wp\/v2\/pages\/139"}],"collection":[{"href":"https:\/\/ipmm.polsl.pl\/index.php?rest_route=\/wp\/v2\/pages"}],"about":[{"href":"https:\/\/ipmm.polsl.pl\/index.php?rest_route=\/wp\/v2\/types\/page"}],"author":[{"embeddable":true,"href":"https:\/\/ipmm.polsl.pl\/index.php?rest_route=\/wp\/v2\/users\/1"}],"replies":[{"embeddable":true,"href":"https:\/\/ipmm.polsl.pl\/index.php?rest_route=%2Fwp%2Fv2%2Fcomments&post=139"}],"version-history":[{"count":3,"href":"https:\/\/ipmm.polsl.pl\/index.php?rest_route=\/wp\/v2\/pages\/139\/revisions"}],"predecessor-version":[{"id":237,"href":"https:\/\/ipmm.polsl.pl\/index.php?rest_route=\/wp\/v2\/pages\/139\/revisions\/237"}],"wp:attachment":[{"href":"https:\/\/ipmm.polsl.pl\/index.php?rest_route=%2Fwp%2Fv2%2Fmedia&parent=139"}],"curies":[{"name":"wp","href":"https:\/\/api.w.org\/{rel}","templated":true}]}}