{"id":194,"date":"2017-03-01T19:28:25","date_gmt":"2017-03-01T18:28:25","guid":{"rendered":"http:\/\/ipmm.polsl.pl\/?page_id=194"},"modified":"2019-02-21T15:48:01","modified_gmt":"2019-02-21T14:48:01","slug":"program","status":"publish","type":"page","link":"https:\/\/ipmm.polsl.pl\/?page_id=194","title":{"rendered":"Program"},"content":{"rendered":"<p style=\"text-align: justify;\">Druga edycja Mi\u0119dzynarodowej Konferencji Naukowej <em>Transgraniczna Wymiana Do\u015bwiadcze\u0144 w In\u017cynierii Produkcji z Zastosowaniem Metod Matematycznych<\/em> odb\u0119dzie si\u0119 w dniach 22-24.01.2018 &#8211; do \u015bci\u0105gni\u0119cia ramowy program w j\u0119zyku <a href=\"http:\/\/ipmm.polsl.pl\/wp-content\/uploads\/2019\/02\/Ramowy-program-konferencji-22-24.01.2018.pdf\">polskim<\/a>.<\/p>\n<hr \/>\n<p style=\"text-align: justify;\">Mi\u0119dzynarodowa Konferencja Naukowa <em>Transgraniczna Wymiana Do\u015bwiadcze\u0144 w In\u017cynierii Produkcji z Zastosowaniem Metod Matematycznych<\/em> odb\u0119dzie si\u0119 w dniach 07-09.06.2017 &#8211; do \u015bci\u0105gni\u0119cia ramowy program w j\u0119zykach <a href=\"http:\/\/ipmm.polsl.pl\/wp-content\/uploads\/2019\/02\/IPMM-Ulotka-v2str1-A4.pdf\">polskim<\/a> i <a href=\"http:\/\/ipmm.polsl.pl\/wp-content\/uploads\/2019\/02\/IPMM-Ulotka-v2str2-A4.pdf\">czeskim<\/a>.<\/p>\n","protected":false},"excerpt":{"rendered":"<p>Druga edycja Mi\u0119dzynarodowej Konferencji Naukowej Transgraniczna Wymiana Do\u015bwiadcze\u0144 w In\u017cynierii Produkcji z Zastosowaniem Metod Matematycznych odb\u0119dzie si\u0119 w dniach 22-24.01.2018 &#8211; do \u015bci\u0105gni\u0119cia ramowy program w j\u0119zyku polskim. Mi\u0119dzynarodowa Konferencja Naukowa Transgraniczna Wymiana Do\u015bwiadcze\u0144 w In\u017cynierii Produkcji z Zastosowaniem Metod Matematycznych odb\u0119dzie si\u0119 w dniach 07-09.06.2017 &#8211; do \u015bci\u0105gni\u0119cia ramowy program w j\u0119zykach polskim i <a class=\"read-more\" href=\"https:\/\/ipmm.polsl.pl\/?page_id=194\">[&hellip;]<\/a><\/p>\n","protected":false},"author":1,"featured_media":0,"parent":0,"menu_order":0,"comment_status":"closed","ping_status":"closed","template":"","meta":{"footnotes":""},"_links":{"self":[{"href":"https:\/\/ipmm.polsl.pl\/index.php?rest_route=\/wp\/v2\/pages\/194"}],"collection":[{"href":"https:\/\/ipmm.polsl.pl\/index.php?rest_route=\/wp\/v2\/pages"}],"about":[{"href":"https:\/\/ipmm.polsl.pl\/index.php?rest_route=\/wp\/v2\/types\/page"}],"author":[{"embeddable":true,"href":"https:\/\/ipmm.polsl.pl\/index.php?rest_route=\/wp\/v2\/users\/1"}],"replies":[{"embeddable":true,"href":"https:\/\/ipmm.polsl.pl\/index.php?rest_route=%2Fwp%2Fv2%2Fcomments&post=194"}],"version-history":[{"count":12,"href":"https:\/\/ipmm.polsl.pl\/index.php?rest_route=\/wp\/v2\/pages\/194\/revisions"}],"predecessor-version":[{"id":932,"href":"https:\/\/ipmm.polsl.pl\/index.php?rest_route=\/wp\/v2\/pages\/194\/revisions\/932"}],"wp:attachment":[{"href":"https:\/\/ipmm.polsl.pl\/index.php?rest_route=%2Fwp%2Fv2%2Fmedia&parent=194"}],"curies":[{"name":"wp","href":"https:\/\/api.w.org\/{rel}","templated":true}]}}