{"id":481,"date":"2017-07-26T21:45:23","date_gmt":"2017-07-26T19:45:23","guid":{"rendered":"http:\/\/ipmm.polsl.pl\/?page_id=481"},"modified":"2019-02-21T19:58:04","modified_gmt":"2019-02-21T18:58:04","slug":"konferencja-rybnik","status":"publish","type":"page","link":"https:\/\/ipmm.polsl.pl\/?page_id=481","title":{"rendered":"Konferencja Rybnik"},"content":{"rendered":"\n<ul class=\"wp-block-gallery columns-3 is-cropped wp-block-gallery-1 is-layout-flex wp-block-gallery-is-layout-flex\"><li class=\"blocks-gallery-item\"><figure><img loading=\"lazy\" decoding=\"async\" width=\"1800\" height=\"1200\" src=\"http:\/\/ipmm.polsl.pl\/wp-content\/uploads\/2019\/02\/IMG_2812.jpg\" alt=\"\" data-id=\"659\" class=\"wp-image-659\" srcset=\"https:\/\/ipmm.polsl.pl\/wp-content\/uploads\/2019\/02\/IMG_2812.jpg 1800w, https:\/\/ipmm.polsl.pl\/wp-content\/uploads\/2019\/02\/IMG_2812-300x200.jpg 300w, https:\/\/ipmm.polsl.pl\/wp-content\/uploads\/2019\/02\/IMG_2812-768x512.jpg 768w, https:\/\/ipmm.polsl.pl\/wp-content\/uploads\/2019\/02\/IMG_2812-1024x683.jpg 1024w\" sizes=\"(max-width: 1800px) 100vw, 1800px\" \/><\/figure><\/li><li class=\"blocks-gallery-item\"><figure><img loading=\"lazy\" decoding=\"async\" width=\"1800\" height=\"1200\" src=\"http:\/\/ipmm.polsl.pl\/wp-content\/uploads\/2019\/02\/IMG_2792.jpg\" alt=\"\" data-id=\"658\" class=\"wp-image-658\" srcset=\"https:\/\/ipmm.polsl.pl\/wp-content\/uploads\/2019\/02\/IMG_2792.jpg 1800w, https:\/\/ipmm.polsl.pl\/wp-content\/uploads\/2019\/02\/IMG_2792-300x200.jpg 300w, https:\/\/ipmm.polsl.pl\/wp-content\/uploads\/2019\/02\/IMG_2792-768x512.jpg 768w, https:\/\/ipmm.polsl.pl\/wp-content\/uploads\/2019\/02\/IMG_2792-1024x683.jpg 1024w\" sizes=\"(max-width: 1800px) 100vw, 1800px\" \/><\/figure><\/li><li class=\"blocks-gallery-item\"><figure><img loading=\"lazy\" decoding=\"async\" width=\"1800\" height=\"1200\" src=\"http:\/\/ipmm.polsl.pl\/wp-content\/uploads\/2019\/02\/IMG_2791.jpg\" alt=\"\" data-id=\"657\" class=\"wp-image-657\" srcset=\"https:\/\/ipmm.polsl.pl\/wp-content\/uploads\/2019\/02\/IMG_2791.jpg 1800w, https:\/\/ipmm.polsl.pl\/wp-content\/uploads\/2019\/02\/IMG_2791-300x200.jpg 300w, https:\/\/ipmm.polsl.pl\/wp-content\/uploads\/2019\/02\/IMG_2791-768x512.jpg 768w, https:\/\/ipmm.polsl.pl\/wp-content\/uploads\/2019\/02\/IMG_2791-1024x683.jpg 1024w\" sizes=\"(max-width: 1800px) 100vw, 1800px\" \/><\/figure><\/li><li class=\"blocks-gallery-item\"><figure><img loading=\"lazy\" decoding=\"async\" width=\"1800\" height=\"1200\" src=\"http:\/\/ipmm.polsl.pl\/wp-content\/uploads\/2019\/02\/IMG_2787.jpg\" alt=\"\" data-id=\"656\" class=\"wp-image-656\" srcset=\"https:\/\/ipmm.polsl.pl\/wp-content\/uploads\/2019\/02\/IMG_2787.jpg 1800w, https:\/\/ipmm.polsl.pl\/wp-content\/uploads\/2019\/02\/IMG_2787-300x200.jpg 300w, https:\/\/ipmm.polsl.pl\/wp-content\/uploads\/2019\/02\/IMG_2787-768x512.jpg 768w, https:\/\/ipmm.polsl.pl\/wp-content\/uploads\/2019\/02\/IMG_2787-1024x683.jpg 1024w\" sizes=\"(max-width: 1800px) 100vw, 1800px\" \/><\/figure><\/li><li class=\"blocks-gallery-item\"><figure><img loading=\"lazy\" decoding=\"async\" width=\"1800\" height=\"1200\" src=\"http:\/\/ipmm.polsl.pl\/wp-content\/uploads\/2019\/02\/IMG_2781.jpg\" alt=\"\" data-id=\"655\" class=\"wp-image-655\" srcset=\"https:\/\/ipmm.polsl.pl\/wp-content\/uploads\/2019\/02\/IMG_2781.jpg 1800w, https:\/\/ipmm.polsl.pl\/wp-content\/uploads\/2019\/02\/IMG_2781-300x200.jpg 300w, https:\/\/ipmm.polsl.pl\/wp-content\/uploads\/2019\/02\/IMG_2781-768x512.jpg 768w, https:\/\/ipmm.polsl.pl\/wp-content\/uploads\/2019\/02\/IMG_2781-1024x683.jpg 1024w\" sizes=\"(max-width: 1800px) 100vw, 1800px\" \/><\/figure><\/li><\/ul>\n\n\n\n<p style=\"text-align:center\"><strong>Zdj\u0119cia:<\/strong> Micha\u0142 Zasadzie\u0144<\/p>\n\n\n\n<hr class=\"wp-block-separator\"\/>\n\n\n\n<ul class=\"wp-block-gallery columns-3 is-cropped wp-block-gallery-2 is-layout-flex wp-block-gallery-is-layout-flex\"><li class=\"blocks-gallery-item\"><figure><img loading=\"lazy\" decoding=\"async\" width=\"3872\" height=\"2592\" src=\"http:\/\/ipmm.polsl.pl\/wp-content\/uploads\/2019\/02\/DSC_1249.jpg\" alt=\"\" data-id=\"652\" class=\"wp-image-652\" srcset=\"https:\/\/ipmm.polsl.pl\/wp-content\/uploads\/2019\/02\/DSC_1249.jpg 3872w, https:\/\/ipmm.polsl.pl\/wp-content\/uploads\/2019\/02\/DSC_1249-300x201.jpg 300w, https:\/\/ipmm.polsl.pl\/wp-content\/uploads\/2019\/02\/DSC_1249-768x514.jpg 768w, https:\/\/ipmm.polsl.pl\/wp-content\/uploads\/2019\/02\/DSC_1249-1024x685.jpg 1024w\" sizes=\"(max-width: 3872px) 100vw, 3872px\" \/><\/figure><\/li><li class=\"blocks-gallery-item\"><figure><img loading=\"lazy\" decoding=\"async\" width=\"3872\" height=\"2592\" src=\"http:\/\/ipmm.polsl.pl\/wp-content\/uploads\/2019\/02\/DSC_1283.jpg\" alt=\"\" data-id=\"654\" class=\"wp-image-654\" srcset=\"https:\/\/ipmm.polsl.pl\/wp-content\/uploads\/2019\/02\/DSC_1283.jpg 3872w, https:\/\/ipmm.polsl.pl\/wp-content\/uploads\/2019\/02\/DSC_1283-300x201.jpg 300w, https:\/\/ipmm.polsl.pl\/wp-content\/uploads\/2019\/02\/DSC_1283-768x514.jpg 768w, https:\/\/ipmm.polsl.pl\/wp-content\/uploads\/2019\/02\/DSC_1283-1024x685.jpg 1024w\" sizes=\"(max-width: 3872px) 100vw, 3872px\" \/><\/figure><\/li><li class=\"blocks-gallery-item\"><figure><img loading=\"lazy\" decoding=\"async\" width=\"3872\" height=\"2592\" src=\"http:\/\/ipmm.polsl.pl\/wp-content\/uploads\/2019\/02\/DSC_1269.jpg\" alt=\"\" data-id=\"653\" class=\"wp-image-653\" srcset=\"https:\/\/ipmm.polsl.pl\/wp-content\/uploads\/2019\/02\/DSC_1269.jpg 3872w, https:\/\/ipmm.polsl.pl\/wp-content\/uploads\/2019\/02\/DSC_1269-300x201.jpg 300w, https:\/\/ipmm.polsl.pl\/wp-content\/uploads\/2019\/02\/DSC_1269-768x514.jpg 768w, https:\/\/ipmm.polsl.pl\/wp-content\/uploads\/2019\/02\/DSC_1269-1024x685.jpg 1024w\" sizes=\"(max-width: 3872px) 100vw, 3872px\" \/><\/figure><\/li><li class=\"blocks-gallery-item\"><figure><img loading=\"lazy\" decoding=\"async\" width=\"3872\" height=\"2592\" src=\"http:\/\/ipmm.polsl.pl\/wp-content\/uploads\/2019\/02\/DSC_1247.jpg\" alt=\"\" data-id=\"651\" class=\"wp-image-651\" srcset=\"https:\/\/ipmm.polsl.pl\/wp-content\/uploads\/2019\/02\/DSC_1247.jpg 3872w, https:\/\/ipmm.polsl.pl\/wp-content\/uploads\/2019\/02\/DSC_1247-300x201.jpg 300w, https:\/\/ipmm.polsl.pl\/wp-content\/uploads\/2019\/02\/DSC_1247-768x514.jpg 768w, https:\/\/ipmm.polsl.pl\/wp-content\/uploads\/2019\/02\/DSC_1247-1024x685.jpg 1024w\" sizes=\"(max-width: 3872px) 100vw, 3872px\" \/><\/figure><\/li><li class=\"blocks-gallery-item\"><figure><img loading=\"lazy\" decoding=\"async\" width=\"3872\" height=\"2592\" src=\"http:\/\/ipmm.polsl.pl\/wp-content\/uploads\/2019\/02\/DSC_1236.jpg\" alt=\"\" data-id=\"650\" class=\"wp-image-650\" srcset=\"https:\/\/ipmm.polsl.pl\/wp-content\/uploads\/2019\/02\/DSC_1236.jpg 3872w, https:\/\/ipmm.polsl.pl\/wp-content\/uploads\/2019\/02\/DSC_1236-300x201.jpg 300w, https:\/\/ipmm.polsl.pl\/wp-content\/uploads\/2019\/02\/DSC_1236-768x514.jpg 768w, https:\/\/ipmm.polsl.pl\/wp-content\/uploads\/2019\/02\/DSC_1236-1024x685.jpg 1024w\" sizes=\"(max-width: 3872px) 100vw, 3872px\" \/><\/figure><\/li><li class=\"blocks-gallery-item\"><figure><img loading=\"lazy\" decoding=\"async\" width=\"3872\" height=\"2592\" src=\"http:\/\/ipmm.polsl.pl\/wp-content\/uploads\/2019\/02\/DSC_1228.jpg\" alt=\"\" data-id=\"649\" class=\"wp-image-649\" srcset=\"https:\/\/ipmm.polsl.pl\/wp-content\/uploads\/2019\/02\/DSC_1228.jpg 3872w, https:\/\/ipmm.polsl.pl\/wp-content\/uploads\/2019\/02\/DSC_1228-300x201.jpg 300w, https:\/\/ipmm.polsl.pl\/wp-content\/uploads\/2019\/02\/DSC_1228-768x514.jpg 768w, https:\/\/ipmm.polsl.pl\/wp-content\/uploads\/2019\/02\/DSC_1228-1024x685.jpg 1024w\" sizes=\"(max-width: 3872px) 100vw, 3872px\" \/><\/figure><\/li><li class=\"blocks-gallery-item\"><figure><img loading=\"lazy\" decoding=\"async\" width=\"3872\" height=\"2592\" src=\"http:\/\/ipmm.polsl.pl\/wp-content\/uploads\/2019\/02\/DSC_1214.jpg\" alt=\"\" data-id=\"648\" class=\"wp-image-648\" srcset=\"https:\/\/ipmm.polsl.pl\/wp-content\/uploads\/2019\/02\/DSC_1214.jpg 3872w, https:\/\/ipmm.polsl.pl\/wp-content\/uploads\/2019\/02\/DSC_1214-300x201.jpg 300w, https:\/\/ipmm.polsl.pl\/wp-content\/uploads\/2019\/02\/DSC_1214-768x514.jpg 768w, https:\/\/ipmm.polsl.pl\/wp-content\/uploads\/2019\/02\/DSC_1214-1024x685.jpg 1024w\" sizes=\"(max-width: 3872px) 100vw, 3872px\" \/><\/figure><\/li><li class=\"blocks-gallery-item\"><figure><img loading=\"lazy\" decoding=\"async\" width=\"2592\" height=\"3872\" src=\"http:\/\/ipmm.polsl.pl\/wp-content\/uploads\/2019\/02\/DSC_1208.jpg\" alt=\"\" data-id=\"647\" class=\"wp-image-647\" srcset=\"https:\/\/ipmm.polsl.pl\/wp-content\/uploads\/2019\/02\/DSC_1208.jpg 2592w, https:\/\/ipmm.polsl.pl\/wp-content\/uploads\/2019\/02\/DSC_1208-201x300.jpg 201w, https:\/\/ipmm.polsl.pl\/wp-content\/uploads\/2019\/02\/DSC_1208-768x1147.jpg 768w, https:\/\/ipmm.polsl.pl\/wp-content\/uploads\/2019\/02\/DSC_1208-685x1024.jpg 685w\" sizes=\"(max-width: 2592px) 100vw, 2592px\" \/><\/figure><\/li><li class=\"blocks-gallery-item\"><figure><img loading=\"lazy\" decoding=\"async\" width=\"3872\" height=\"2592\" src=\"http:\/\/ipmm.polsl.pl\/wp-content\/uploads\/2019\/02\/DSC_1195.jpg\" alt=\"\" data-id=\"646\" class=\"wp-image-646\" srcset=\"https:\/\/ipmm.polsl.pl\/wp-content\/uploads\/2019\/02\/DSC_1195.jpg 3872w, https:\/\/ipmm.polsl.pl\/wp-content\/uploads\/2019\/02\/DSC_1195-300x201.jpg 300w, https:\/\/ipmm.polsl.pl\/wp-content\/uploads\/2019\/02\/DSC_1195-768x514.jpg 768w, https:\/\/ipmm.polsl.pl\/wp-content\/uploads\/2019\/02\/DSC_1195-1024x685.jpg 1024w\" sizes=\"(max-width: 3872px) 100vw, 3872px\" \/><\/figure><\/li><li class=\"blocks-gallery-item\"><figure><img loading=\"lazy\" decoding=\"async\" width=\"3872\" height=\"2592\" src=\"http:\/\/ipmm.polsl.pl\/wp-content\/uploads\/2019\/02\/DSC_0136.jpg\" alt=\"\" data-id=\"645\" class=\"wp-image-645\" srcset=\"https:\/\/ipmm.polsl.pl\/wp-content\/uploads\/2019\/02\/DSC_0136.jpg 3872w, https:\/\/ipmm.polsl.pl\/wp-content\/uploads\/2019\/02\/DSC_0136-300x201.jpg 300w, https:\/\/ipmm.polsl.pl\/wp-content\/uploads\/2019\/02\/DSC_0136-768x514.jpg 768w, https:\/\/ipmm.polsl.pl\/wp-content\/uploads\/2019\/02\/DSC_0136-1024x685.jpg 1024w\" sizes=\"(max-width: 3872px) 100vw, 3872px\" \/><\/figure><\/li><li class=\"blocks-gallery-item\"><figure><img loading=\"lazy\" decoding=\"async\" width=\"3872\" height=\"2592\" src=\"http:\/\/ipmm.polsl.pl\/wp-content\/uploads\/2019\/02\/DSC_0119.jpg\" alt=\"\" data-id=\"644\" class=\"wp-image-644\" srcset=\"https:\/\/ipmm.polsl.pl\/wp-content\/uploads\/2019\/02\/DSC_0119.jpg 3872w, https:\/\/ipmm.polsl.pl\/wp-content\/uploads\/2019\/02\/DSC_0119-300x201.jpg 300w, https:\/\/ipmm.polsl.pl\/wp-content\/uploads\/2019\/02\/DSC_0119-768x514.jpg 768w, https:\/\/ipmm.polsl.pl\/wp-content\/uploads\/2019\/02\/DSC_0119-1024x685.jpg 1024w\" sizes=\"(max-width: 3872px) 100vw, 3872px\" \/><\/figure><\/li><li class=\"blocks-gallery-item\"><figure><img loading=\"lazy\" decoding=\"async\" width=\"3872\" height=\"2592\" src=\"http:\/\/ipmm.polsl.pl\/wp-content\/uploads\/2019\/02\/DSC_0109.jpg\" alt=\"\" data-id=\"643\" class=\"wp-image-643\" srcset=\"https:\/\/ipmm.polsl.pl\/wp-content\/uploads\/2019\/02\/DSC_0109.jpg 3872w, https:\/\/ipmm.polsl.pl\/wp-content\/uploads\/2019\/02\/DSC_0109-300x201.jpg 300w, https:\/\/ipmm.polsl.pl\/wp-content\/uploads\/2019\/02\/DSC_0109-768x514.jpg 768w, https:\/\/ipmm.polsl.pl\/wp-content\/uploads\/2019\/02\/DSC_0109-1024x685.jpg 1024w\" sizes=\"(max-width: 3872px) 100vw, 3872px\" \/><\/figure><\/li><li class=\"blocks-gallery-item\"><figure><img loading=\"lazy\" decoding=\"async\" width=\"3872\" height=\"2592\" src=\"http:\/\/ipmm.polsl.pl\/wp-content\/uploads\/2019\/02\/DSC_0087.jpg\" alt=\"\" data-id=\"642\" class=\"wp-image-642\" srcset=\"https:\/\/ipmm.polsl.pl\/wp-content\/uploads\/2019\/02\/DSC_0087.jpg 3872w, https:\/\/ipmm.polsl.pl\/wp-content\/uploads\/2019\/02\/DSC_0087-300x201.jpg 300w, https:\/\/ipmm.polsl.pl\/wp-content\/uploads\/2019\/02\/DSC_0087-768x514.jpg 768w, https:\/\/ipmm.polsl.pl\/wp-content\/uploads\/2019\/02\/DSC_0087-1024x685.jpg 1024w\" sizes=\"(max-width: 3872px) 100vw, 3872px\" \/><\/figure><\/li><li class=\"blocks-gallery-item\"><figure><img loading=\"lazy\" decoding=\"async\" width=\"3872\" height=\"2592\" src=\"http:\/\/ipmm.polsl.pl\/wp-content\/uploads\/2019\/02\/DSC_0084.jpg\" alt=\"\" data-id=\"641\" class=\"wp-image-641\" srcset=\"https:\/\/ipmm.polsl.pl\/wp-content\/uploads\/2019\/02\/DSC_0084.jpg 3872w, https:\/\/ipmm.polsl.pl\/wp-content\/uploads\/2019\/02\/DSC_0084-300x201.jpg 300w, https:\/\/ipmm.polsl.pl\/wp-content\/uploads\/2019\/02\/DSC_0084-768x514.jpg 768w, https:\/\/ipmm.polsl.pl\/wp-content\/uploads\/2019\/02\/DSC_0084-1024x685.jpg 1024w\" sizes=\"(max-width: 3872px) 100vw, 3872px\" \/><\/figure><\/li><li class=\"blocks-gallery-item\"><figure><img loading=\"lazy\" decoding=\"async\" width=\"3872\" height=\"2592\" src=\"http:\/\/ipmm.polsl.pl\/wp-content\/uploads\/2019\/02\/DSC_0058.jpg\" alt=\"\" data-id=\"640\" class=\"wp-image-640\" srcset=\"https:\/\/ipmm.polsl.pl\/wp-content\/uploads\/2019\/02\/DSC_0058.jpg 3872w, https:\/\/ipmm.polsl.pl\/wp-content\/uploads\/2019\/02\/DSC_0058-300x201.jpg 300w, https:\/\/ipmm.polsl.pl\/wp-content\/uploads\/2019\/02\/DSC_0058-768x514.jpg 768w, https:\/\/ipmm.polsl.pl\/wp-content\/uploads\/2019\/02\/DSC_0058-1024x685.jpg 1024w\" sizes=\"(max-width: 3872px) 100vw, 3872px\" \/><\/figure><\/li><li class=\"blocks-gallery-item\"><figure><img loading=\"lazy\" decoding=\"async\" width=\"3872\" height=\"2592\" src=\"http:\/\/ipmm.polsl.pl\/wp-content\/uploads\/2019\/02\/DSC_0056.jpg\" alt=\"\" data-id=\"639\" class=\"wp-image-639\" srcset=\"https:\/\/ipmm.polsl.pl\/wp-content\/uploads\/2019\/02\/DSC_0056.jpg 3872w, https:\/\/ipmm.polsl.pl\/wp-content\/uploads\/2019\/02\/DSC_0056-300x201.jpg 300w, https:\/\/ipmm.polsl.pl\/wp-content\/uploads\/2019\/02\/DSC_0056-768x514.jpg 768w, https:\/\/ipmm.polsl.pl\/wp-content\/uploads\/2019\/02\/DSC_0056-1024x685.jpg 1024w\" sizes=\"(max-width: 3872px) 100vw, 3872px\" \/><\/figure><\/li><li class=\"blocks-gallery-item\"><figure><img loading=\"lazy\" decoding=\"async\" width=\"3872\" height=\"2592\" src=\"http:\/\/ipmm.polsl.pl\/wp-content\/uploads\/2019\/02\/DSC_0032.jpg\" alt=\"\" data-id=\"638\" class=\"wp-image-638\" srcset=\"https:\/\/ipmm.polsl.pl\/wp-content\/uploads\/2019\/02\/DSC_0032.jpg 3872w, https:\/\/ipmm.polsl.pl\/wp-content\/uploads\/2019\/02\/DSC_0032-300x201.jpg 300w, https:\/\/ipmm.polsl.pl\/wp-content\/uploads\/2019\/02\/DSC_0032-768x514.jpg 768w, https:\/\/ipmm.polsl.pl\/wp-content\/uploads\/2019\/02\/DSC_0032-1024x685.jpg 1024w\" sizes=\"(max-width: 3872px) 100vw, 3872px\" \/><\/figure><\/li><li class=\"blocks-gallery-item\"><figure><img loading=\"lazy\" decoding=\"async\" width=\"3872\" height=\"2592\" src=\"http:\/\/ipmm.polsl.pl\/wp-content\/uploads\/2019\/02\/DSC_0006.jpg\" alt=\"\" data-id=\"637\" class=\"wp-image-637\" srcset=\"https:\/\/ipmm.polsl.pl\/wp-content\/uploads\/2019\/02\/DSC_0006.jpg 3872w, https:\/\/ipmm.polsl.pl\/wp-content\/uploads\/2019\/02\/DSC_0006-300x201.jpg 300w, https:\/\/ipmm.polsl.pl\/wp-content\/uploads\/2019\/02\/DSC_0006-768x514.jpg 768w, https:\/\/ipmm.polsl.pl\/wp-content\/uploads\/2019\/02\/DSC_0006-1024x685.jpg 1024w\" sizes=\"(max-width: 3872px) 100vw, 3872px\" \/><\/figure><\/li><\/ul>\n\n\n\n<p style=\"text-align:center\"><strong>Zdj\u0119cia:<\/strong> Krzysztof Michalski<\/p>\n","protected":false},"excerpt":{"rendered":"<p>Zdj\u0119cia: Micha\u0142 Zasadzie\u0144 Zdj\u0119cia: Krzysztof Michalski<\/p>\n","protected":false},"author":1,"featured_media":0,"parent":139,"menu_order":0,"comment_status":"closed","ping_status":"closed","template":"","meta":{"footnotes":""},"_links":{"self":[{"href":"https:\/\/ipmm.polsl.pl\/index.php?rest_route=\/wp\/v2\/pages\/481"}],"collection":[{"href":"https:\/\/ipmm.polsl.pl\/index.php?rest_route=\/wp\/v2\/pages"}],"about":[{"href":"https:\/\/ipmm.polsl.pl\/index.php?rest_route=\/wp\/v2\/types\/page"}],"author":[{"embeddable":true,"href":"https:\/\/ipmm.polsl.pl\/index.php?rest_route=\/wp\/v2\/users\/1"}],"replies":[{"embeddable":true,"href":"https:\/\/ipmm.polsl.pl\/index.php?rest_route=%2Fwp%2Fv2%2Fcomments&post=481"}],"version-history":[{"count":5,"href":"https:\/\/ipmm.polsl.pl\/index.php?rest_route=\/wp\/v2\/pages\/481\/revisions"}],"predecessor-version":[{"id":944,"href":"https:\/\/ipmm.polsl.pl\/index.php?rest_route=\/wp\/v2\/pages\/481\/revisions\/944"}],"up":[{"embeddable":true,"href":"https:\/\/ipmm.polsl.pl\/index.php?rest_route=\/wp\/v2\/pages\/139"}],"wp:attachment":[{"href":"https:\/\/ipmm.polsl.pl\/index.php?rest_route=%2Fwp%2Fv2%2Fmedia&parent=481"}],"curies":[{"name":"wp","href":"https:\/\/api.w.org\/{rel}","templated":true}]}}